{"id":1335,"date":"2025-11-05T05:39:08","date_gmt":"2025-11-05T05:39:08","guid":{"rendered":"https:\/\/kmgy.de\/home-3\/"},"modified":"2025-11-07T08:10:41","modified_gmt":"2025-11-07T08:10:41","slug":"home-3","status":"publish","type":"page","link":"https:\/\/kmgy.de\/de\/","title":{"rendered":"Home"},"content":{"rendered":"<div class=\"wp-block-uagb-container uagb-block-bcd088ac alignfull uagb-is-root-container\"><div class=\"uagb-container-inner-blocks-wrap\">\n<div class=\"wp-block-uagb-advanced-heading uagb-block-3d465bba\"><h1 class=\"uagb-heading-text\">Ruhe f\u00fcr m\u00fcde Herzen, Hoffnung f\u00fcr Suchende.<\/h1><\/div>\n<\/div><\/div>\n\n\n\n<div class=\"wp-block-uagb-container uagb-block-384b6254 alignfull uagb-is-root-container\"><div class=\"uagb-container-inner-blocks-wrap\">\n<div class=\"wp-block-uagb-container uagb-block-a63494fc\">\n<div class=\"wp-block-uagb-info-box uagb-block-71897742 uagb-infobox__content-wrap  uagb-infobox-icon-above-title uagb-infobox-image-valign-top wp-block-uagb-info-box--has-margin\"><div class=\"uagb-infobox-margin-wrapper\"><div class=\"uagb-ifb-content\"><div class=\"uagb-ifb-title-wrap\"><h6 class=\"uagb-ifb-title-prefix\">Willkommen in der Ungarischen Gemeinde Krefeld!<\/h6><h3 class=\"uagb-ifb-title\">Ein Ort, an dem dich Gottes Liebe nach Hause f\u00fchrt.<\/h3><\/div><\/div><\/div><\/div>\n<\/div>\n\n\n\n<div class=\"wp-block-uagb-container uagb-block-e45591f8\">\n<div class=\"wp-block-uagb-container uagb-block-271bfbd7 alignfull uagb-is-root-container\"><div class=\"uagb-container-inner-blocks-wrap\">\n<div class=\"wp-block-uagb-container uagb-layout-flex uagb-block-3dc2f738\">\n<div class=\"wp-block-uagb-info-box uagb-block-cef6b0e5 uagb-infobox__content-wrap  uagb-infobox-icon-above-title uagb-infobox-image-valign-top wp-block-uagb-info-box--has-margin\"><div class=\"uagb-infobox-margin-wrapper\"><div class=\"uagb-ifb-content\"><div class=\"uagb-ifb-title-wrap\"><h6 class=\"uagb-ifb-title-prefix\">Kontakt<\/h6><h4 class=\"uagb-ifb-title\">info@kmgy.de<\/h4><\/div><p class=\"uagb-ifb-desc\">Schreib uns!<\/p><div class=\"uagb-ifb-button-wrapper wp-block-button\"><a href=\"#\" class=\"uagb-infobox-cta-link wp-block-button__link\" target=\"_self\" rel=\"noopener noreferrer\" onclick=\"return false;\"><span class=\"uagb-inline-editing\">Mehr<\/span><svg xmlns=\"https:\/\/www.w3.org\/2000\/svg\" viewbox=\"0 0 256 512\"><path d=\"M64 448c-8.188 0-16.38-3.125-22.62-9.375c-12.5-12.5-12.5-32.75 0-45.25L178.8 256L41.38 118.6c-12.5-12.5-12.5-32.75 0-45.25s32.75-12.5 45.25 0l160 160c12.5 12.5 12.5 32.75 0 45.25l-160 160C80.38 444.9 72.19 448 64 448z\"><\/path><\/svg><\/a><\/div><\/div><\/div><\/div>\n<\/div>\n\n\n\n<div class=\"wp-block-uagb-container uag-hide-tab uag-hide-mob uagb-layout-flex uagb-block-7cda76c7\">\n<div class=\"wp-block-uagb-info-box uagb-block-acdafdfa uagb-infobox__content-wrap  uagb-infobox-icon-above-title uagb-infobox-image-valign-top wp-block-uagb-info-box--has-margin uag-hide-tab uag-hide-mob\"><div class=\"uagb-infobox-margin-wrapper\"><div class=\"uagb-ifb-content\"><div class=\"uagb-ifb-title-wrap\"><h6 class=\"uagb-ifb-title-prefix\">Adresse<\/h6><h4 class=\"uagb-ifb-title\">Ritterstrasse 241, 47805 Krefeld<br>(Eingang \u00fcber den Parkplatz des Mutlu-Marktes)<\/h4><\/div><div class=\"uagb-ifb-button-wrapper wp-block-button\"><a href=\"#\" class=\"uagb-infobox-cta-link wp-block-button__link\" target=\"_self\" rel=\"noopener noreferrer\" onclick=\"return false;\"><span class=\"uagb-inline-editing\">Mehr<\/span><svg xmlns=\"https:\/\/www.w3.org\/2000\/svg\" viewbox=\"0 0 256 512\"><path d=\"M64 448c-8.188 0-16.38-3.125-22.62-9.375c-12.5-12.5-12.5-32.75 0-45.25L178.8 256L41.38 118.6c-12.5-12.5-12.5-32.75 0-45.25s32.75-12.5 45.25 0l160 160c12.5 12.5 12.5 32.75 0 45.25l-160 160C80.38 444.9 72.19 448 64 448z\"><\/path><\/svg><\/a><\/div><\/div><\/div><\/div>\n<\/div>\n<\/div><\/div>\n\n\n\n<div class=\"wp-block-uagb-container uag-hide-tab uag-hide-mob uagb-layout-grid uagb-block-7791bfe9 alignwide uagb-is-root-container\">\n<div class=\"wp-block-uagb-container uagb-block-b938e452\">\n<div class=\"wp-block-uagb-info-box uagb-block-c54c691b uagb-infobox__content-wrap  uagb-infobox-icon-above-title uagb-infobox-image-valign-top wp-block-uagb-info-box--has-margin\"><div class=\"uagb-infobox-margin-wrapper\"><div class=\"uagb-ifb-content\"><div class=\"uagb-ifb-title-wrap\"><h6 class=\"uagb-ifb-title-prefix\">Unsere Mission<\/h6><h4 class=\"uagb-ifb-title\">Gottes Wort verk\u00fcnden, den Glauben st\u00e4rken,<br>und der Gemeinschaft mit Liebe dienen.<\/h4><\/div><div class=\"uagb-ifb-button-wrapper wp-block-button\"><a href=\"#\" class=\"uagb-infobox-cta-link wp-block-button__link\" target=\"_self\" rel=\"noopener noreferrer\" onclick=\"return false;\"><span class=\"uagb-inline-editing\">Mehr<\/span><svg xmlns=\"https:\/\/www.w3.org\/2000\/svg\" viewbox=\"0 0 256 512\"><path d=\"M64 448c-8.188 0-16.38-3.125-22.62-9.375c-12.5-12.5-12.5-32.75 0-45.25L178.8 256L41.38 118.6c-12.5-12.5-12.5-32.75 0-45.25s32.75-12.5 45.25 0l160 160c12.5 12.5 12.5 32.75 0 45.25l-160 160C80.38 444.9 72.19 448 64 448z\"><\/path><\/svg><\/a><\/div><\/div><\/div><\/div>\n<\/div>\n\n\n\n<div class=\"wp-block-uagb-container uagb-block-da35365a\">\n<div class=\"wp-block-uagb-advanced-heading uagb-block-ffca5ebf\"><h4 class=\"uagb-heading-text\">\u201eKommt alle zu mir, die ihr m\u00fchselig und beladen seid; ich will euch erquicken.\u201c<\/h4><\/div>\n\n\n\n<div class=\"wp-block-uagb-advanced-heading uagb-block-861a3f81\"><h6 class=\"uagb-heading-text\">Matth\u00e4us 11:28<\/h6><\/div>\n<\/div>\n<\/div>\n<\/div>\n<\/div><\/div>\n\n\n\n<div class=\"wp-block-uagb-container uagb-block-e4a7803d alignfull uagb-is-root-container\"><div class=\"uagb-container-inner-blocks-wrap\">\n<div class=\"wp-block-uagb-info-box uagb-block-28ce5d69 uagb-infobox__content-wrap  uagb-infobox-icon-above-title uagb-infobox-image-valign-top wp-block-uagb-info-box--has-margin\"><div class=\"uagb-infobox-margin-wrapper\"><div class=\"uagb-ifb-content\"><div class=\"uagb-ifb-title-wrap\"><h6 class=\"uagb-ifb-title-prefix\">Ehre und Gemeinschaft<\/h6><h2 class=\"uagb-ifb-title\">Unsere Zusammenk\u00fcnfte<\/h2><\/div><div class=\"uagb-ifb-button-wrapper wp-block-button\"><a href=\"#\" class=\"uagb-infobox-cta-link wp-block-button__link\" target=\"_self\" rel=\"noopener noreferrer\" onclick=\"return false;\"><span class=\"uagb-inline-editing\">Alle Zusammenk\u00fcnfte<\/span><\/a><\/div><\/div><\/div><\/div>\n\n\n\n<div class=\"wp-block-uagb-container uagb-block-3a83a98c alignfull uagb-is-root-container\"><div class=\"uagb-container-inner-blocks-wrap\">\n<div class=\"wp-block-uagb-info-box uagb-block-1d77ad69 uagb-infobox__content-wrap  uagb-infobox-icon-above-title uagb-infobox-image-valign-top\"><div class=\"uagb-ifb-content\"><div class=\"uagb-ifb-image-content\"><img decoding=\"async\" src=\"http:\/\/kmgy.de\/wp-content\/uploads\/2025\/11\/1-150x150.png\" alt=\"1\" width=\"\" height=\"0\" loading=\"lazy\" title=\"Home\"><\/div><div class=\"uagb-ifb-title-wrap\"><h4 class=\"uagb-ifb-title\">Gebetstreffen<\/h4><\/div><p class=\"uagb-ifb-desc\"><strong>DIENSTAG &amp; DONNERSTAG<br><\/strong>18:00 \u2013 20:00<br><br><strong>Gebetstreffen<\/strong><br>Gemeinsames Gebet, Lobpreis und Zeugnisse \u2013 lasst uns gemeinsam im Glauben wachsen!<\/p><\/div><\/div>\n\n\n\n<div class=\"wp-block-uagb-info-box uagb-block-792b7eab uagb-infobox__content-wrap  uagb-infobox-icon-above-title uagb-infobox-image-valign-top\"><div class=\"uagb-ifb-content\"><div class=\"uagb-ifb-image-content\"><img decoding=\"async\" src=\"http:\/\/kmgy.de\/wp-content\/uploads\/2025\/11\/2-150x150.png\" alt=\"2\" width=\"\" height=\"0\" loading=\"lazy\" title=\"Home\"><\/div><div class=\"uagb-ifb-title-wrap\"><h4 class=\"uagb-ifb-title\">Lebensmittelausgabe<\/h4><\/div><p class=\"uagb-ifb-desc\"><strong>SAMSTAG<br><\/strong>09:00 \u2013 11:00<br><br><strong>Lebensmittelausgabe<br><\/strong>Liebesdienst f\u00fcr Bed\u00fcrftige, denn Glaube ohne Taten ist tot.<\/p><\/div><\/div>\n\n\n\n<div class=\"wp-block-uagb-info-box uagb-block-a2c9876d uagb-infobox__content-wrap  uagb-infobox-icon-above-title uagb-infobox-image-valign-top\"><div class=\"uagb-ifb-content\"><div class=\"uagb-ifb-image-content\"><img decoding=\"async\" src=\"http:\/\/kmgy.de\/wp-content\/uploads\/2025\/11\/3-150x150.png\" alt=\"3\" width=\"\" height=\"0\" loading=\"lazy\" title=\"Home\"><\/div><div class=\"uagb-ifb-title-wrap\"><h4 class=\"uagb-ifb-title\">Jugendtreffen<\/h4><\/div><p class=\"uagb-ifb-desc\"><strong>SAMSTAG<br><\/strong>18:00 \u2013 20:00<br><br><strong>Jugendtreffen<br><\/strong>Ein Gemeinschaftsabend f\u00fcr junge Menschen mit Lehre, Musik und ehrlichen Gespr\u00e4chen.<\/p><\/div><\/div>\n\n\n\n<div class=\"wp-block-uagb-info-box uagb-block-2cf4a7a8 uagb-infobox__content-wrap  uagb-infobox-icon-above-title uagb-infobox-image-valign-top\"><div class=\"uagb-ifb-content\"><div class=\"uagb-ifb-image-content\"><img decoding=\"async\" src=\"http:\/\/kmgy.de\/wp-content\/uploads\/2025\/11\/4-150x150.png\" alt=\"4\" width=\"\" height=\"0\" loading=\"lazy\" title=\"Home\"><\/div><div class=\"uagb-ifb-title-wrap\"><h4 class=\"uagb-ifb-title\">Gottesdienst<\/h4><\/div><p class=\"uagb-ifb-desc\"><strong>SONTTAG<br><\/strong>11:00 \u2013 13:00<br><br><strong>Gottesdienst<br><\/strong>Lobpreis, Predigt und Gemeinschaft \u2013 wir hei\u00dfen alle herzlich willkommen!<\/p><\/div><\/div>\n<\/div><\/div>\n\n\n\n<div class=\"wp-block-uagb-container uagb-block-8dbfe667\"><\/div>\n<\/div><\/div>\n\n\n\n<div class=\"wp-block-uagb-container uagb-block-cc6e5b26 alignfull uagb-is-root-container\"><div class=\"uagb-container-inner-blocks-wrap\">\n<div class=\"wp-block-uagb-container uagb-block-d77049f2 alignfull uagb-is-root-container\"><div class=\"uagb-container-inner-blocks-wrap\">\n<div class=\"wp-block-uagb-container uagb-block-62c95b6a\">\n<div class=\"wp-block-uagb-info-box uagb-block-fb810faa uagb-infobox__content-wrap  uagb-infobox-icon-above-title uagb-infobox-image-valign-top wp-block-uagb-info-box--has-margin\"><div class=\"uagb-infobox-margin-wrapper\"><div class=\"uagb-ifb-content\"><div class=\"uagb-ifb-title-wrap\"><h6 class=\"uagb-ifb-title-prefix\">Unsere Mission<\/h6><h2 class=\"uagb-ifb-title\">Unsere Mission ist es, Gottes Liebe zu leben und weiterzugeben.<\/h2><\/div><div class=\"uagb-ifb-button-wrapper wp-block-button\"><a href=\"#\" class=\"uagb-infobox-cta-link wp-block-button__link\" target=\"_self\" rel=\"noopener noreferrer\" onclick=\"return false;\"><span class=\"uagb-inline-editing\">Mehr<\/span><svg xmlns=\"https:\/\/www.w3.org\/2000\/svg\" viewbox=\"0 0 256 512\"><path d=\"M64 448c-8.188 0-16.38-3.125-22.62-9.375c-12.5-12.5-12.5-32.75 0-45.25L178.8 256L41.38 118.6c-12.5-12.5-12.5-32.75 0-45.25s32.75-12.5 45.25 0l160 160c12.5 12.5 12.5 32.75 0 45.25l-160 160C80.38 444.9 72.19 448 64 448z\"><\/path><\/svg><\/a><\/div><\/div><\/div><\/div>\n<\/div>\n\n\n\n<div class=\"wp-block-uagb-container uagb-block-7582ecbb\">\n<div class=\"wp-block-uagb-info-box uagb-block-4bc738f7 uagb-infobox__content-wrap  uagb-infobox-icon-above-title uagb-infobox-image-valign-top wp-block-uagb-info-box--has-margin\"><div class=\"uagb-infobox-margin-wrapper\"><div class=\"uagb-ifb-content\"><div class=\"uagb-ifb-title-wrap\"><h6 class=\"uagb-ifb-title-prefix\">Dienst aus Liebe<\/h6><h4 class=\"uagb-ifb-title\">Wir dienen nicht aus Pflicht, sondern aus Dankbarkeit.<\/h4><\/div><div class=\"uagb-ifb-button-wrapper wp-block-button\"><a href=\"#\" class=\"uagb-infobox-cta-link wp-block-button__link\" target=\"_self\" rel=\"noopener noreferrer\" onclick=\"return false;\"><span class=\"uagb-inline-editing\">Mehr<\/span><svg xmlns=\"https:\/\/www.w3.org\/2000\/svg\" viewbox=\"0 0 256 512\"><path d=\"M64 448c-8.188 0-16.38-3.125-22.62-9.375c-12.5-12.5-12.5-32.75 0-45.25L178.8 256L41.38 118.6c-12.5-12.5-12.5-32.75 0-45.25s32.75-12.5 45.25 0l160 160c12.5 12.5 12.5 32.75 0 45.25l-160 160C80.38 444.9 72.19 448 64 448z\"><\/path><\/svg><\/a><\/div><\/div><\/div><\/div>\n<\/div>\n\n\n\n<div class=\"wp-block-uagb-container uagb-block-141e2b5b\"><\/div>\n<\/div><\/div>\n<\/div><\/div>\n\n\n\n<div class=\"wp-block-uagb-container uagb-block-81eb3332 alignfull uagb-is-root-container\"><div class=\"uagb-container-inner-blocks-wrap\">\n<div class=\"wp-block-uagb-container uag-hide-tab uag-hide-mob uagb-block-3b18da0f\">\n<div class=\"wp-block-uagb-advanced-heading uagb-block-4b4d2474\"><\/div>\n<\/div>\n\n\n\n<div class=\"wp-block-uagb-container uagb-block-845a7db7\"><\/div>\n\n\n\n<div class=\"wp-block-uagb-container uagb-block-0be09b9e\"><\/div>\n\n\n\n<div class=\"wp-block-uagb-container uagb-block-9fc0b7d7\">\n<div class=\"wp-block-uagb-info-box uagb-block-995d82f6 uagb-infobox__content-wrap  uagb-infobox-icon-above-title uagb-infobox-image-valign-top wp-block-uagb-info-box--has-margin\"><div class=\"uagb-infobox-margin-wrapper\"><div class=\"uagb-ifb-content\"><div class=\"uagb-ifb-title-wrap\"><h6 class=\"uagb-ifb-title-prefix\">Gemeinschaft <\/h6><h4 class=\"uagb-ifb-title\">Eine Familie, in der jeder seinen Platz findet.<br>Einheit in der Vielfalt \u2013 in Christus sind wir Br\u00fcder und Schwestern.<\/h4><\/div><div class=\"uagb-ifb-button-wrapper wp-block-button\"><a href=\"#\" class=\"uagb-infobox-cta-link wp-block-button__link\" target=\"_self\" rel=\"noopener noreferrer\" onclick=\"return false;\"><span class=\"uagb-inline-editing\">Mehr<\/span><svg xmlns=\"https:\/\/www.w3.org\/2000\/svg\" viewbox=\"0 0 256 512\"><path d=\"M64 448c-8.188 0-16.38-3.125-22.62-9.375c-12.5-12.5-12.5-32.75 0-45.25L178.8 256L41.38 118.6c-12.5-12.5-12.5-32.75 0-45.25s32.75-12.5 45.25 0l160 160c12.5 12.5 12.5 32.75 0 45.25l-160 160C80.38 444.9 72.19 448 64 448z\"><\/path><\/svg><\/a><\/div><\/div><\/div><\/div>\n<\/div>\n<\/div><\/div>\n\n\n\n<div class=\"wp-block-uagb-container uagb-block-d614e2df alignfull uagb-is-root-container\"><div class=\"uagb-container-inner-blocks-wrap\">\n<div class=\"wp-block-uagb-container uagb-block-aadb8ba1\">\n<div class=\"wp-block-uagb-info-box uagb-block-a04f1529 uagb-infobox__content-wrap  uagb-infobox-icon-above-title uagb-infobox-image-valign-top wp-block-uagb-info-box--has-margin\"><div class=\"uagb-infobox-margin-wrapper\"><div class=\"uagb-ifb-content\"><div class=\"uagb-ifb-title-wrap\"><h6 class=\"uagb-ifb-title-prefix\">Nimm Kontakt mit uns auf<\/h6><h2 class=\"uagb-ifb-title\">Wir freuen uns, von dir zu h\u00f6ren!<\/h2><\/div><\/div><\/div><\/div>\n<\/div>\n\n\n\n<div class=\"wp-block-uagb-container uagb-block-d971f734\">\n<div class=\"wp-block-uagb-forms uagb-forms__outer-wrap uagb-block-c0cda835 uagb-forms__default-btn\"><form class=\"uagb-forms-main-form\" method=\"post\" autocomplete=\"on\" name=\"uagb-form-c0cda835\" action=\"\">\n<div class=\"wp-block-uagb-forms-name uagb-forms-name-wrap uagb-forms-field-set uagb-block-6eb85b81 uag-col-2\"><div class=\"uagb-forms-name-label required uagb-forms-input-label\" id=\"6eb85b81\">Vorname<\/div><input type=\"text\" placeholder=\"\" required class=\"uagb-forms-name-input uagb-forms-input\" name=\"6eb85b81\" autocomplete=\"given-name\"\/><\/div>\n\n\n\n<div class=\"wp-block-uagb-forms-name uagb-forms-name-wrap uagb-forms-field-set uagb-block-f854d19c uag-col-2\"><div class=\"uagb-forms-name-label required uagb-forms-input-label\" id=\"f854d19c\">Nachname<\/div><input type=\"text\" placeholder=\"\" required class=\"uagb-forms-name-input uagb-forms-input\" name=\"f854d19c\" autocomplete=\"family-name\"\/><\/div>\n\n\n\n<div class=\"wp-block-uagb-forms-email uagb-forms-email-wrap uagb-forms-field-set uagb-block-08362ca8\"><div class=\"uagb-forms-email-label required uagb-forms-input-label\" id=\"08362ca8\">Email<\/div><input type=\"email\" class=\"uagb-forms-email-input uagb-forms-input\" placeholder=\"\" required name=\"08362ca8\" autocomplete=\"email\"\/><\/div>\n\n\n\n<div class=\"wp-block-uagb-forms-textarea uagb-forms-textarea-wrap uagb-forms-field-set uagb-block-96b20ba5\"><div class=\"uagb-forms-textarea-label required uagb-forms-input-label\" id=\"96b20ba5\">Nachricht<\/div><textarea required class=\"uagb-forms-textarea-input uagb-forms-input\" rows=\"4\" placeholder=\"\" name=\"96b20ba5\" autocomplete=\"off\"><\/textarea><\/div>\n<div class=\"uagb-forms-form-hidden-data\"><input type=\"hidden\" class=\"uagb_forms_form_label\" value=\"Spectra Form\"\/><input type=\"hidden\" class=\"uagb_forms_form_id\" value=\"uagb-form-c0cda835\"\/><\/div><div class=\"uagb-form-reacaptcha-error-c0cda835\"><\/div><div class=\"uagb-forms-main-submit-button-wrap wp-block-button\"><button class=\"uagb-forms-main-submit-button wp-block-button__link\"><div class=\"uagb-forms-main-submit-button-text\">Senden<\/div><\/button><\/div><input type=\"hidden\" name=\"trp-form-language\" value=\"de\"\/><\/form><div class=\"uagb-forms-success-message-c0cda835 uagb-forms-submit-message-hide\"><span>Das Formular wurde erfolgreich \u00fcbermittelt!<\/span><\/div><div class=\"uagb-forms-failed-message-c0cda835 uagb-forms-submit-message-hide\"><span>Beim Absenden des Formulars ist ein Fehler aufgetreten. Bitte \u00fcberpr\u00fcfe alle Formularfelder erneut.<\/span><\/div><\/div>\n<\/div>\n<\/div><\/div>","protected":false},"excerpt":{"rendered":"<p>F\u00e1radt sz\u00edveknek megnyugv\u00e1st, keres\u0151knek rem\u00e9nyt. \u201eJ\u00f6jjetek \u00e9nhozz\u00e1m mindny\u00e1jan, akik megf\u00e1radtatok \u00e9s meg vagytok terhelve, \u00e9s \u00e9n megnyugv\u00e1st adok nektek.\u201d M\u00e1t\u00e9 11:28<\/p>","protected":false},"author":1,"featured_media":0,"parent":0,"menu_order":0,"comment_status":"closed","ping_status":"closed","template":"","meta":{"_uag_custom_page_level_css":"","site-sidebar-layout":"default","site-content-layout":"plain-container","ast-site-content-layout":"normal-width-container","site-content-style":"unboxed","site-sidebar-style":"unboxed","ast-global-header-display":"","ast-banner-title-visibility":"","ast-main-header-display":"","ast-hfb-above-header-display":"","ast-hfb-below-header-display":"","ast-hfb-mobile-header-display":"","site-post-title":"disabled","ast-breadcrumbs-content":"","ast-featured-img":"","footer-sml-layout":"","ast-disable-related-posts":"","theme-transparent-header-meta":"enabled","adv-header-id-meta":"","stick-header-meta":"","header-above-stick-meta":"","header-main-stick-meta":"","header-below-stick-meta":"","astra-migrate-meta-layouts":"set","ast-page-background-enabled":"default","ast-page-background-meta":{"desktop":{"background-color":"","background-image":"","background-repeat":"repeat","background-position":"center center","background-size":"auto","background-attachment":"scroll","background-type":"","background-media":"","overlay-type":"","overlay-color":"","overlay-opacity":"","overlay-gradient":""},"tablet":{"background-color":"","background-image":"","background-repeat":"repeat","background-position":"center center","background-size":"auto","background-attachment":"scroll","background-type":"","background-media":"","overlay-type":"","overlay-color":"","overlay-opacity":"","overlay-gradient":""},"mobile":{"background-color":"","background-image":"","background-repeat":"repeat","background-position":"center center","background-size":"auto","background-attachment":"scroll","background-type":"","background-media":"","overlay-type":"","overlay-color":"","overlay-opacity":"","overlay-gradient":""}},"ast-content-background-meta":{"desktop":{"background-color":"var(--ast-global-color-5)","background-image":"","background-repeat":"repeat","background-position":"center center","background-size":"auto","background-attachment":"scroll","background-type":"","background-media":"","overlay-type":"","overlay-color":"","overlay-opacity":"","overlay-gradient":""},"tablet":{"background-color":"var(--ast-global-color-5)","background-image":"","background-repeat":"repeat","background-position":"center center","background-size":"auto","background-attachment":"scroll","background-type":"","background-media":"","overlay-type":"","overlay-color":"","overlay-opacity":"","overlay-gradient":""},"mobile":{"background-color":"var(--ast-global-color-5)","background-image":"","background-repeat":"repeat","background-position":"center center","background-size":"auto","background-attachment":"scroll","background-type":"","background-media":"","overlay-type":"","overlay-color":"","overlay-opacity":"","overlay-gradient":""}},"footnotes":""},"class_list":["post-1335","page","type-page","status-publish","hentry"],"_hostinger_reach_plugin_has_subscription_block":false,"_hostinger_reach_plugin_is_elementor":false,"uagb_featured_image_src":{"full":false,"thumbnail":false,"medium":false,"medium_large":false,"large":false,"1536x1536":false,"2048x2048":false,"trp-custom-language-flag":false},"uagb_author_info":{"display_name":"samuel.buzatu1996@gmail.com","author_link":"https:\/\/kmgy.de\/de\/author\/samuel-buzatu1996gmail-com\/"},"uagb_comment_info":0,"uagb_excerpt":"F\u00e1radt sz\u00edveknek megnyugv\u00e1st, keres\u0151knek rem\u00e9nyt. \u201eJ\u00f6jjetek \u00e9nhozz\u00e1m mindny\u00e1jan, akik megf\u00e1radtatok \u00e9s meg vagytok terhelve, \u00e9s \u00e9n megnyugv\u00e1st adok nektek.\u201d M\u00e1t\u00e9 11:28","_links":{"self":[{"href":"https:\/\/kmgy.de\/de\/wp-json\/wp\/v2\/pages\/1335","targetHints":{"allow":["GET"]}}],"collection":[{"href":"https:\/\/kmgy.de\/de\/wp-json\/wp\/v2\/pages"}],"about":[{"href":"https:\/\/kmgy.de\/de\/wp-json\/wp\/v2\/types\/page"}],"author":[{"embeddable":true,"href":"https:\/\/kmgy.de\/de\/wp-json\/wp\/v2\/users\/1"}],"replies":[{"embeddable":true,"href":"https:\/\/kmgy.de\/de\/wp-json\/wp\/v2\/comments?post=1335"}],"version-history":[{"count":50,"href":"https:\/\/kmgy.de\/de\/wp-json\/wp\/v2\/pages\/1335\/revisions"}],"predecessor-version":[{"id":1514,"href":"https:\/\/kmgy.de\/de\/wp-json\/wp\/v2\/pages\/1335\/revisions\/1514"}],"wp:attachment":[{"href":"https:\/\/kmgy.de\/de\/wp-json\/wp\/v2\/media?parent=1335"}],"curies":[{"name":"wp","href":"https:\/\/api.w.org\/{rel}","templated":true}]}}